{"id":129,"date":"2025-01-25T21:00:52","date_gmt":"2025-01-25T20:00:52","guid":{"rendered":"https:\/\/pgr-allach-untermenzing.de\/ichwarfremd\/?page_id=129"},"modified":"2025-01-25T21:04:10","modified_gmt":"2025-01-25T20:04:10","slug":"impressum","status":"publish","type":"page","link":"http:\/\/pgr-allach-untermenzing.de\/ichwarfremd\/impressum\/","title":{"rendered":"Impressum"},"content":{"rendered":"\n<p class=\"has-text-align-center\"><strong>Impressum<\/strong><br>Katholische Pfarrkirchenstiftung Maria Himmelfahrt<br>H\u00f6cherstrasse 14<br>80999 M\u00fcnchen<br>Telefon 089\/ 8188 80 17-0<br>Telefax 089\/ 8188 80 17-18<br>E-Mail:&nbsp;<a href=\"mailto:maria-himmelfahrt.muenchen@ebmuc.de\" target=\"_blank\" rel=\"noreferrer noopener\">maria-himmelfahrt.muenchen@ebmuc.de<\/a><br><br>Die Katholische Pfarrkirchenstiftung Maria Himmelfahrt, M\u00fcnchen ist eine kirchliche Stiftung des \u00f6ffentlichen Rechts.<\/p>\n\n\n\n<p class=\"has-text-align-center\">Sie wird vertreten durch die Kirchenverwaltung gem\u00e4\u00df der Ordnung f\u00fcr kirchliche Stiftungen in den bayerischen (Erz-)Di\u00f6zesen (KiStiftO).<br><br>Kirchenverwaltungsvorstand: Pfarrer Martin Joseph <br>(dienstliche Anschrift wie oben)<br>Redaktionell verantwortlich: Noah Prei\u00dfler<\/p>\n\n\n\n<p class=\"has-text-align-center\"><\/p>\n","protected":false},"excerpt":{"rendered":"<p>ImpressumKatholische Pfarrkirchenstiftung Maria HimmelfahrtH\u00f6cherstrasse 1480999 M\u00fcnchenTelefon 089\/ 8188 80 17-0Telefax 089\/ 8188 80 17-18E-Mail:&nbsp;maria-himmelfahrt.muenchen@ebmuc.de Die Katholische Pfarrkirchenstiftung Maria Himmelfahrt, M\u00fcnchen ist eine kirchliche Stiftung des \u00f6ffentlichen Rechts. Sie wird vertreten durch die Kirchenverwaltung gem\u00e4\u00df der Ordnung f\u00fcr kirchliche Stiftungen in den bayerischen (Erz-)Di\u00f6zesen (KiStiftO). Kirchenverwaltungsvorstand: Pfarrer Martin Joseph (dienstliche Anschrift wie oben)Redaktionell verantwortlich: Noah Prei\u00dfler<\/p>\n","protected":false},"author":1,"featured_media":0,"parent":0,"menu_order":0,"comment_status":"closed","ping_status":"closed","template":"","meta":{"footnotes":""},"class_list":["post-129","page","type-page","status-publish","hentry"],"_links":{"self":[{"href":"http:\/\/pgr-allach-untermenzing.de\/ichwarfremd\/wp-json\/wp\/v2\/pages\/129"}],"collection":[{"href":"http:\/\/pgr-allach-untermenzing.de\/ichwarfremd\/wp-json\/wp\/v2\/pages"}],"about":[{"href":"http:\/\/pgr-allach-untermenzing.de\/ichwarfremd\/wp-json\/wp\/v2\/types\/page"}],"author":[{"embeddable":true,"href":"http:\/\/pgr-allach-untermenzing.de\/ichwarfremd\/wp-json\/wp\/v2\/users\/1"}],"replies":[{"embeddable":true,"href":"http:\/\/pgr-allach-untermenzing.de\/ichwarfremd\/wp-json\/wp\/v2\/comments?post=129"}],"version-history":[{"count":2,"href":"http:\/\/pgr-allach-untermenzing.de\/ichwarfremd\/wp-json\/wp\/v2\/pages\/129\/revisions"}],"predecessor-version":[{"id":132,"href":"http:\/\/pgr-allach-untermenzing.de\/ichwarfremd\/wp-json\/wp\/v2\/pages\/129\/revisions\/132"}],"wp:attachment":[{"href":"http:\/\/pgr-allach-untermenzing.de\/ichwarfremd\/wp-json\/wp\/v2\/media?parent=129"}],"curies":[{"name":"wp","href":"https:\/\/api.w.org\/{rel}","templated":true}]}}